{"id":496,"date":"2025-06-28T09:14:30","date_gmt":"2025-06-28T07:14:30","guid":{"rendered":"https:\/\/www.ristorantetrimalcione.it\/rechtliche-hinweise\/"},"modified":"2025-10-25T10:20:56","modified_gmt":"2025-10-25T08:20:56","slug":"rechtliche-hinweise","status":"publish","type":"page","link":"https:\/\/www.ristorantetrimalcione.it\/de\/rechtliche-hinweise\/","title":{"rendered":"Rechtliche Hinweise"},"content":{"rendered":"<div class=\"wpb-content-wrapper\">[vc_row css=&#8220;.vc_custom_1727942800141{margin-top: 40px !important;margin-bottom: 40px !important;}&#8220;][vc_column][vc_column_text css=&#8220;&#8220;]<span style=\"font-size: 36px;\"><strong>Rechtliche Hinweise<\/strong><\/span>\r\n\r\nDie auf dieser Website ver\u00f6ffentlichten Texte, Informationen und anderen Daten sowie die Links zu anderen Websites dienen ausschlie\u00dflich Informationszwecken und haben keinen offiziellen Charakter. Es wird keine Haftung \u00fcbernommen f\u00fcr eventuelle Fehler und Auslassungen jeglicher Art sowie f\u00fcr direkte, indirekte oder zuf\u00e4llige Sch\u00e4den, die sich aus der Lekt\u00fcre oder Verwendung der ver\u00f6ffentlichten Informationen, jeglicher Art von Inhalten auf der Website oder aus dem Zugriff auf bzw. der Nutzung von Material auf anderen Websites ergeben.\r\n\r\n[\/vc_column_text][\/vc_column][\/vc_row]<!-- \/wp:post-content --><\/div>","protected":false},"excerpt":{"rendered":"<p>[vc_row css=&#8220;.vc_custom_1727942800141{margin-top: 40px !important;margin-bottom: 40px !important;}&#8220;][vc_column][vc_column_text css=&#8220;&#8220;]Rechtliche Hinweise Die auf dieser Website ver\u00f6ffentlichten Texte, Informationen und anderen Daten sowie die Links zu anderen Websites dienen ausschlie\u00dflich Informationszwecken und haben keinen offiziellen Charakter. Es wird keine Haftung \u00fcbernommen f\u00fcr eventuelle Fehler und Auslassungen jeglicher Art sowie f\u00fcr direkte, indirekte oder zuf\u00e4llige Sch\u00e4den, die sich aus der&hellip;<\/p>\n","protected":false},"author":6,"featured_media":0,"parent":0,"menu_order":0,"comment_status":"closed","ping_status":"closed","template":"","meta":{"inline_featured_image":false,"footnotes":""},"class_list":["post-496","page","type-page","status-publish","hentry","entry","no-media"],"yoast_head":"<!-- This site is optimized with the Yoast SEO plugin v27.6 - https:\/\/yoast.com\/product\/yoast-seo-wordpress\/ -->\n<title>Rechtliche Hinweise - La Bottega di Trimalcione<\/title>\n<meta name=\"robots\" content=\"index, follow, max-snippet:-1, max-image-preview:large, max-video-preview:-1\" \/>\n<link rel=\"canonical\" href=\"https:\/\/www.ristorantetrimalcione.it\/de\/rechtliche-hinweise\/\" \/>\n<meta property=\"og:locale\" content=\"de_DE\" \/>\n<meta property=\"og:type\" content=\"article\" \/>\n<meta property=\"og:title\" content=\"Rechtliche Hinweise - La Bottega di Trimalcione\" \/>\n<meta property=\"og:description\" content=\"[vc_row css=&#8220;.vc_custom_1727942800141{margin-top: 40px !important;margin-bottom: 40px !important;}&#8220;][vc_column][vc_column_text css=&#8220;&#8220;]Rechtliche Hinweise Die auf dieser Website ver\u00f6ffentlichten Texte, Informationen und anderen Daten sowie die Links zu anderen Websites dienen ausschlie\u00dflich Informationszwecken und haben keinen offiziellen Charakter. Es wird keine Haftung \u00fcbernommen f\u00fcr eventuelle Fehler und Auslassungen jeglicher Art sowie f\u00fcr direkte, indirekte oder zuf\u00e4llige Sch\u00e4den, die sich aus der&hellip;\" \/>\n<meta property=\"og:url\" content=\"https:\/\/www.ristorantetrimalcione.it\/de\/rechtliche-hinweise\/\" \/>\n<meta property=\"og:site_name\" content=\"La Bottega di Trimalcione\" \/>\n<meta property=\"article:modified_time\" content=\"2025-10-25T08:20:56+00:00\" \/>\n<meta name=\"twitter:card\" content=\"summary_large_image\" \/>\n<meta name=\"twitter:label1\" content=\"Gesch\u00e4tzte Lesezeit\" \/>\n\t<meta name=\"twitter:data1\" content=\"1\u00a0Minute\" \/>\n<script type=\"application\/ld+json\" class=\"yoast-schema-graph\">{\"@context\":\"https:\\\/\\\/schema.org\",\"@graph\":[{\"@type\":\"WebPage\",\"@id\":\"https:\\\/\\\/www.ristorantetrimalcione.it\\\/de\\\/rechtliche-hinweise\\\/\",\"url\":\"https:\\\/\\\/www.ristorantetrimalcione.it\\\/de\\\/rechtliche-hinweise\\\/\",\"name\":\"Rechtliche Hinweise - La Bottega di Trimalcione\",\"isPartOf\":{\"@id\":\"https:\\\/\\\/www.ristorantetrimalcione.it\\\/#website\"},\"datePublished\":\"2025-06-28T07:14:30+00:00\",\"dateModified\":\"2025-10-25T08:20:56+00:00\",\"breadcrumb\":{\"@id\":\"https:\\\/\\\/www.ristorantetrimalcione.it\\\/de\\\/rechtliche-hinweise\\\/#breadcrumb\"},\"inLanguage\":\"de\",\"potentialAction\":[{\"@type\":\"ReadAction\",\"target\":[\"https:\\\/\\\/www.ristorantetrimalcione.it\\\/de\\\/rechtliche-hinweise\\\/\"]}]},{\"@type\":\"BreadcrumbList\",\"@id\":\"https:\\\/\\\/www.ristorantetrimalcione.it\\\/de\\\/rechtliche-hinweise\\\/#breadcrumb\",\"itemListElement\":[{\"@type\":\"ListItem\",\"position\":1,\"name\":\"Home\",\"item\":\"https:\\\/\\\/www.ristorantetrimalcione.it\\\/de\\\/\"},{\"@type\":\"ListItem\",\"position\":2,\"name\":\"Rechtliche Hinweise\"}]},{\"@type\":\"WebSite\",\"@id\":\"https:\\\/\\\/www.ristorantetrimalcione.it\\\/#website\",\"url\":\"https:\\\/\\\/www.ristorantetrimalcione.it\\\/\",\"name\":\"La Bottega di Trimalcione\",\"description\":\"\",\"publisher\":{\"@id\":\"https:\\\/\\\/www.ristorantetrimalcione.it\\\/#organization\"},\"potentialAction\":[{\"@type\":\"SearchAction\",\"target\":{\"@type\":\"EntryPoint\",\"urlTemplate\":\"https:\\\/\\\/www.ristorantetrimalcione.it\\\/?s={search_term_string}\"},\"query-input\":{\"@type\":\"PropertyValueSpecification\",\"valueRequired\":true,\"valueName\":\"search_term_string\"}}],\"inLanguage\":\"de\"},{\"@type\":\"Organization\",\"@id\":\"https:\\\/\\\/www.ristorantetrimalcione.it\\\/#organization\",\"name\":\"La Bottega di Trimalcione\",\"url\":\"https:\\\/\\\/www.ristorantetrimalcione.it\\\/\",\"logo\":{\"@type\":\"ImageObject\",\"inLanguage\":\"de\",\"@id\":\"https:\\\/\\\/www.ristorantetrimalcione.it\\\/#\\\/schema\\\/logo\\\/image\\\/\",\"url\":\"https:\\\/\\\/www.ristorantetrimalcione.it\\\/wp-content\\\/uploads\\\/2025\\\/06\\\/Logo.png\",\"contentUrl\":\"https:\\\/\\\/www.ristorantetrimalcione.it\\\/wp-content\\\/uploads\\\/2025\\\/06\\\/Logo.png\",\"width\":240,\"height\":171,\"caption\":\"La Bottega di Trimalcione\"},\"image\":{\"@id\":\"https:\\\/\\\/www.ristorantetrimalcione.it\\\/#\\\/schema\\\/logo\\\/image\\\/\"}}]}<\/script>\n<!-- \/ Yoast SEO plugin. -->","yoast_head_json":{"title":"Rechtliche Hinweise - La Bottega di Trimalcione","robots":{"index":"index","follow":"follow","max-snippet":"max-snippet:-1","max-image-preview":"max-image-preview:large","max-video-preview":"max-video-preview:-1"},"canonical":"https:\/\/www.ristorantetrimalcione.it\/de\/rechtliche-hinweise\/","og_locale":"de_DE","og_type":"article","og_title":"Rechtliche Hinweise - La Bottega di Trimalcione","og_description":"[vc_row css=&#8220;.vc_custom_1727942800141{margin-top: 40px !important;margin-bottom: 40px !important;}&#8220;][vc_column][vc_column_text css=&#8220;&#8220;]Rechtliche Hinweise Die auf dieser Website ver\u00f6ffentlichten Texte, Informationen und anderen Daten sowie die Links zu anderen Websites dienen ausschlie\u00dflich Informationszwecken und haben keinen offiziellen Charakter. Es wird keine Haftung \u00fcbernommen f\u00fcr eventuelle Fehler und Auslassungen jeglicher Art sowie f\u00fcr direkte, indirekte oder zuf\u00e4llige Sch\u00e4den, die sich aus der&hellip;","og_url":"https:\/\/www.ristorantetrimalcione.it\/de\/rechtliche-hinweise\/","og_site_name":"La Bottega di Trimalcione","article_modified_time":"2025-10-25T08:20:56+00:00","twitter_card":"summary_large_image","twitter_misc":{"Gesch\u00e4tzte Lesezeit":"1\u00a0Minute"},"schema":{"@context":"https:\/\/schema.org","@graph":[{"@type":"WebPage","@id":"https:\/\/www.ristorantetrimalcione.it\/de\/rechtliche-hinweise\/","url":"https:\/\/www.ristorantetrimalcione.it\/de\/rechtliche-hinweise\/","name":"Rechtliche Hinweise - La Bottega di Trimalcione","isPartOf":{"@id":"https:\/\/www.ristorantetrimalcione.it\/#website"},"datePublished":"2025-06-28T07:14:30+00:00","dateModified":"2025-10-25T08:20:56+00:00","breadcrumb":{"@id":"https:\/\/www.ristorantetrimalcione.it\/de\/rechtliche-hinweise\/#breadcrumb"},"inLanguage":"de","potentialAction":[{"@type":"ReadAction","target":["https:\/\/www.ristorantetrimalcione.it\/de\/rechtliche-hinweise\/"]}]},{"@type":"BreadcrumbList","@id":"https:\/\/www.ristorantetrimalcione.it\/de\/rechtliche-hinweise\/#breadcrumb","itemListElement":[{"@type":"ListItem","position":1,"name":"Home","item":"https:\/\/www.ristorantetrimalcione.it\/de\/"},{"@type":"ListItem","position":2,"name":"Rechtliche Hinweise"}]},{"@type":"WebSite","@id":"https:\/\/www.ristorantetrimalcione.it\/#website","url":"https:\/\/www.ristorantetrimalcione.it\/","name":"La Bottega di Trimalcione","description":"","publisher":{"@id":"https:\/\/www.ristorantetrimalcione.it\/#organization"},"potentialAction":[{"@type":"SearchAction","target":{"@type":"EntryPoint","urlTemplate":"https:\/\/www.ristorantetrimalcione.it\/?s={search_term_string}"},"query-input":{"@type":"PropertyValueSpecification","valueRequired":true,"valueName":"search_term_string"}}],"inLanguage":"de"},{"@type":"Organization","@id":"https:\/\/www.ristorantetrimalcione.it\/#organization","name":"La Bottega di Trimalcione","url":"https:\/\/www.ristorantetrimalcione.it\/","logo":{"@type":"ImageObject","inLanguage":"de","@id":"https:\/\/www.ristorantetrimalcione.it\/#\/schema\/logo\/image\/","url":"https:\/\/www.ristorantetrimalcione.it\/wp-content\/uploads\/2025\/06\/Logo.png","contentUrl":"https:\/\/www.ristorantetrimalcione.it\/wp-content\/uploads\/2025\/06\/Logo.png","width":240,"height":171,"caption":"La Bottega di Trimalcione"},"image":{"@id":"https:\/\/www.ristorantetrimalcione.it\/#\/schema\/logo\/image\/"}}]}},"_links":{"self":[{"href":"https:\/\/www.ristorantetrimalcione.it\/de\/wp-json\/wp\/v2\/pages\/496","targetHints":{"allow":["GET"]}}],"collection":[{"href":"https:\/\/www.ristorantetrimalcione.it\/de\/wp-json\/wp\/v2\/pages"}],"about":[{"href":"https:\/\/www.ristorantetrimalcione.it\/de\/wp-json\/wp\/v2\/types\/page"}],"author":[{"embeddable":true,"href":"https:\/\/www.ristorantetrimalcione.it\/de\/wp-json\/wp\/v2\/users\/6"}],"replies":[{"embeddable":true,"href":"https:\/\/www.ristorantetrimalcione.it\/de\/wp-json\/wp\/v2\/comments?post=496"}],"version-history":[{"count":1,"href":"https:\/\/www.ristorantetrimalcione.it\/de\/wp-json\/wp\/v2\/pages\/496\/revisions"}],"predecessor-version":[{"id":497,"href":"https:\/\/www.ristorantetrimalcione.it\/de\/wp-json\/wp\/v2\/pages\/496\/revisions\/497"}],"wp:attachment":[{"href":"https:\/\/www.ristorantetrimalcione.it\/de\/wp-json\/wp\/v2\/media?parent=496"}],"curies":[{"name":"wp","href":"https:\/\/api.w.org\/{rel}","templated":true}]}}